{"id":26,"date":"2021-03-11T14:20:21","date_gmt":"2021-03-11T14:20:21","guid":{"rendered":"https:\/\/kerwe-gadern.de\/?page_id=26"},"modified":"2025-06-25T07:09:29","modified_gmt":"2025-06-25T07:09:29","slug":"startseite","status":"publish","type":"page","link":"https:\/\/kerwe-gadern.de\/","title":{"rendered":"Startseite"},"content":{"rendered":"\n<div class=\"wp-block-columns is-layout-flex wp-container-core-columns-is-layout-9d6595d7 wp-block-columns-is-layout-flex\">\n<div class=\"wp-block-column is-layout-flow wp-block-column-is-layout-flow\">\n<figure class=\"wp-block-image size-large\"><img fetchpriority=\"high\" decoding=\"async\" width=\"724\" height=\"1024\" src=\"https:\/\/kerwe-gadern.de\/wp-content\/uploads\/2025\/06\/Plakate-Kerwe-20252-1-724x1024.jpg\" alt=\"\" class=\"wp-image-335\" srcset=\"https:\/\/kerwe-gadern.de\/wp-content\/uploads\/2025\/06\/Plakate-Kerwe-20252-1-724x1024.jpg 724w, https:\/\/kerwe-gadern.de\/wp-content\/uploads\/2025\/06\/Plakate-Kerwe-20252-1-212x300.jpg 212w, https:\/\/kerwe-gadern.de\/wp-content\/uploads\/2025\/06\/Plakate-Kerwe-20252-1-768x1086.jpg 768w, https:\/\/kerwe-gadern.de\/wp-content\/uploads\/2025\/06\/Plakate-Kerwe-20252-1-1086x1536.jpg 1086w, https:\/\/kerwe-gadern.de\/wp-content\/uploads\/2025\/06\/Plakate-Kerwe-20252-1-1448x2048.jpg 1448w, https:\/\/kerwe-gadern.de\/wp-content\/uploads\/2025\/06\/Plakate-Kerwe-20252-1-scaled.jpg 1810w\" sizes=\"(max-width: 724px) 100vw, 724px\" \/><\/figure>\n<\/div>\n\n\n\n<div class=\"wp-block-column is-layout-flow wp-block-column-is-layout-flow\">\n<figure class=\"wp-block-image size-large is-style-default\"><img decoding=\"async\" width=\"724\" height=\"1024\" src=\"https:\/\/kerwe-gadern.de\/wp-content\/uploads\/2025\/06\/Plakate-Kerwe-20253-2-724x1024.jpg\" alt=\"\" class=\"wp-image-337\" srcset=\"https:\/\/kerwe-gadern.de\/wp-content\/uploads\/2025\/06\/Plakate-Kerwe-20253-2-724x1024.jpg 724w, https:\/\/kerwe-gadern.de\/wp-content\/uploads\/2025\/06\/Plakate-Kerwe-20253-2-212x300.jpg 212w, https:\/\/kerwe-gadern.de\/wp-content\/uploads\/2025\/06\/Plakate-Kerwe-20253-2-768x1086.jpg 768w, https:\/\/kerwe-gadern.de\/wp-content\/uploads\/2025\/06\/Plakate-Kerwe-20253-2-1086x1536.jpg 1086w, https:\/\/kerwe-gadern.de\/wp-content\/uploads\/2025\/06\/Plakate-Kerwe-20253-2-1448x2048.jpg 1448w, https:\/\/kerwe-gadern.de\/wp-content\/uploads\/2025\/06\/Plakate-Kerwe-20253-2-scaled.jpg 1810w\" sizes=\"(max-width: 724px) 100vw, 724px\" \/><\/figure>\n<\/div>\n\n\n\n<div class=\"wp-block-column is-layout-flow wp-block-column-is-layout-flow\">\n<figure class=\"wp-block-image size-large\"><img decoding=\"async\" width=\"724\" height=\"1024\" src=\"https:\/\/kerwe-gadern.de\/wp-content\/uploads\/2025\/06\/Plakate-Kerwe-20254-1-724x1024.jpg\" alt=\"\" class=\"wp-image-347\" srcset=\"https:\/\/kerwe-gadern.de\/wp-content\/uploads\/2025\/06\/Plakate-Kerwe-20254-1-724x1024.jpg 724w, https:\/\/kerwe-gadern.de\/wp-content\/uploads\/2025\/06\/Plakate-Kerwe-20254-1-212x300.jpg 212w, https:\/\/kerwe-gadern.de\/wp-content\/uploads\/2025\/06\/Plakate-Kerwe-20254-1-768x1086.jpg 768w, https:\/\/kerwe-gadern.de\/wp-content\/uploads\/2025\/06\/Plakate-Kerwe-20254-1-1086x1536.jpg 1086w, https:\/\/kerwe-gadern.de\/wp-content\/uploads\/2025\/06\/Plakate-Kerwe-20254-1-1448x2048.jpg 1448w, https:\/\/kerwe-gadern.de\/wp-content\/uploads\/2025\/06\/Plakate-Kerwe-20254-1-scaled.jpg 1810w\" sizes=\"(max-width: 724px) 100vw, 724px\" \/><\/figure>\n<\/div>\n<\/div>\n\n\n\n<div style=\"height:25px\" aria-hidden=\"true\" class=\"wp-block-spacer\"><\/div>\n\n\n\n<p>Hallo und Herzlich Willkommen.<\/p>\n\n\n\n<p>Das ist sie, unsere Garemer Roadschuh Kerwe. Von Freitag bis Montag wird auf dem Kerweplatz kr\u00e4ftig gefeiert. Hier findet Ihr alle Informationen zu unserer j\u00e4hrlichen Tradition. Unser Highlight im sch\u00f6nen Gadern.<\/p>\n\n\n\n<p>Wir freuen uns sehr, Sie hier auf unserer Webseite begr\u00fc\u00dfen zu d\u00fcrfen.<\/p>\n\n\n\n<p>Unsere Kerwe ist ein traditionelles Fest, das jedes Jahr im Sommer stattfindet. Wir bieten ein abwechslungsreiches Programm f\u00fcr Jung und Alt, darunter Live-Musik, Marktst\u00e4nde, leckeres Essen und vieles mehr.<\/p>\n\n\n\n<p>Hier auf unserer Webseite finden Sie alle Informationen, die Sie ben\u00f6tigen, um an der Kerwe teilzunehmen und zu feiern. Sie k\u00f6nnen sich \u00fcber unser Programm informieren, unsere Sponsoren kennenlernen und erfahren, wie Sie uns unterst\u00fctzen k\u00f6nnen.<\/p>\n\n\n\n<p>Wir laden Sie herzlich ein, mit uns zu feiern und die gemeinsame Zeit in Gadern zu genie\u00dfen. Schauen Sie sich gerne um und z\u00f6gern Sie nicht, uns bei Fragen oder Anregungen zu kontaktieren.<\/p>\n\n\n\n<p>Wir freuen uns darauf, Sie bei der Kerwe begr\u00fc\u00dfen zu d\u00fcrfen!<\/p>\n\n\n\n<p><strong>MIT LIEBE AUS GADERN.<\/strong><\/p>\n\n\n\n<p>Euer<\/p>\n\n\n\n<figure class=\"wp-block-image size-large is-resized\"><img loading=\"lazy\" decoding=\"async\" src=\"https:\/\/kerwe-gadern.de\/wp-content\/uploads\/2020\/03\/unterschrift_kerweteam-1024x167.png\" alt=\"\" class=\"wp-image-7\" width=\"290\" height=\"47\" srcset=\"https:\/\/kerwe-gadern.de\/wp-content\/uploads\/2020\/03\/unterschrift_kerweteam-1024x167.png 1024w, https:\/\/kerwe-gadern.de\/wp-content\/uploads\/2020\/03\/unterschrift_kerweteam-300x49.png 300w, https:\/\/kerwe-gadern.de\/wp-content\/uploads\/2020\/03\/unterschrift_kerweteam-768x125.png 768w, https:\/\/kerwe-gadern.de\/wp-content\/uploads\/2020\/03\/unterschrift_kerweteam-1536x250.png 1536w, https:\/\/kerwe-gadern.de\/wp-content\/uploads\/2020\/03\/unterschrift_kerweteam.png 1969w\" sizes=\"(max-width: 290px) 100vw, 290px\" \/><\/figure>\n\n\n\n<div style=\"height:100px\" aria-hidden=\"true\" class=\"wp-block-spacer\"><\/div>\n","protected":false},"excerpt":{"rendered":"<p>Hallo und Herzlich Willkommen. Das ist sie, unsere Garemer Roadschuh Kerwe. Von Freitag bis Montag wird auf dem Kerweplatz kr\u00e4ftig gefeiert. Hier findet Ihr alle Informationen zu unserer j\u00e4hrlichen Tradition.&hellip;<\/p>\n","protected":false},"author":2,"featured_media":6,"parent":0,"menu_order":0,"comment_status":"closed","ping_status":"closed","template":"","meta":{"footnotes":""},"class_list":["post-26","page","type-page","status-publish","has-post-thumbnail","hentry"],"_links":{"self":[{"href":"https:\/\/kerwe-gadern.de\/index.php?rest_route=\/wp\/v2\/pages\/26","targetHints":{"allow":["GET"]}}],"collection":[{"href":"https:\/\/kerwe-gadern.de\/index.php?rest_route=\/wp\/v2\/pages"}],"about":[{"href":"https:\/\/kerwe-gadern.de\/index.php?rest_route=\/wp\/v2\/types\/page"}],"author":[{"embeddable":true,"href":"https:\/\/kerwe-gadern.de\/index.php?rest_route=\/wp\/v2\/users\/2"}],"replies":[{"embeddable":true,"href":"https:\/\/kerwe-gadern.de\/index.php?rest_route=%2Fwp%2Fv2%2Fcomments&post=26"}],"version-history":[{"count":24,"href":"https:\/\/kerwe-gadern.de\/index.php?rest_route=\/wp\/v2\/pages\/26\/revisions"}],"predecessor-version":[{"id":348,"href":"https:\/\/kerwe-gadern.de\/index.php?rest_route=\/wp\/v2\/pages\/26\/revisions\/348"}],"wp:featuredmedia":[{"embeddable":true,"href":"https:\/\/kerwe-gadern.de\/index.php?rest_route=\/wp\/v2\/media\/6"}],"wp:attachment":[{"href":"https:\/\/kerwe-gadern.de\/index.php?rest_route=%2Fwp%2Fv2%2Fmedia&parent=26"}],"curies":[{"name":"wp","href":"https:\/\/api.w.org\/{rel}","templated":true}]}}