{"id":187,"date":"2022-06-03T11:51:46","date_gmt":"2022-06-03T11:51:46","guid":{"rendered":"https:\/\/kerwe-gadern.de\/?page_id=187"},"modified":"2022-06-04T09:11:53","modified_gmt":"2022-06-04T09:11:53","slug":"anmeldung-hts-2022","status":"publish","type":"page","link":"https:\/\/kerwe-gadern.de\/?page_id=187","title":{"rendered":"Anmeldung HTS 2022"},"content":{"rendered":"\t\t<div data-elementor-type=\"wp-page\" data-elementor-id=\"187\" class=\"elementor elementor-187\">\n\t\t\t\t\t\t<section class=\"elementor-section elementor-top-section elementor-element elementor-element-c4582ea elementor-section-boxed elementor-section-height-default elementor-section-height-default\" data-id=\"c4582ea\" data-element_type=\"section\" data-e-type=\"section\">\n\t\t\t\t\t\t<div class=\"elementor-container elementor-column-gap-default\">\n\t\t\t\t\t<div class=\"elementor-column elementor-col-100 elementor-top-column elementor-element elementor-element-cd9c0ca\" data-id=\"cd9c0ca\" data-element_type=\"column\" data-e-type=\"column\">\n\t\t\t<div class=\"elementor-widget-wrap elementor-element-populated\">\n\t\t\t\t\t\t<div class=\"elementor-element elementor-element-9acfab8 elementor-widget elementor-widget-heading\" data-id=\"9acfab8\" data-element_type=\"widget\" data-e-type=\"widget\" data-widget_type=\"heading.default\">\n\t\t\t\t<div class=\"elementor-widget-container\">\n\t\t\t\t\t<h2 class=\"elementor-heading-title elementor-size-default\">Anmeldung f\u00fcr das Human Table Soccer 2022<\/h2>\t\t\t\t<\/div>\n\t\t\t\t<\/div>\n\t\t\t\t<div class=\"elementor-element elementor-element-dffe27a elementor-widget elementor-widget-spacer\" data-id=\"dffe27a\" data-element_type=\"widget\" data-e-type=\"widget\" data-widget_type=\"spacer.default\">\n\t\t\t\t<div class=\"elementor-widget-container\">\n\t\t\t\t\t\t\t<div class=\"elementor-spacer\">\n\t\t\t<div class=\"elementor-spacer-inner\"><\/div>\n\t\t<\/div>\n\t\t\t\t\t\t<\/div>\n\t\t\t\t<\/div>\n\t\t\t\t<div class=\"elementor-element elementor-element-d8821f2 elementor-widget elementor-widget-text-editor\" data-id=\"d8821f2\" data-element_type=\"widget\" data-e-type=\"widget\" data-widget_type=\"text-editor.default\">\n\t\t\t\t<div class=\"elementor-widget-container\">\n\t\t\t\t\t\t\t\t\t<p>Hier k\u00f6nnt Ihr euere Mannschaft f\u00fcr das Human Table Soccer Turnier 2022 anmelden. Daf\u00fcr m\u00fcsst ihr einfach nur das untere Formular ausf\u00fcllen und absenden. Ihr erhaltet im Nachgang von uns eine Best\u00e4tigung \u00fcber die eingegangenen Anmeldung. Sobald unser Kerweteam euer Team aufgenommen habt, werdet ihr per Mail benachrichtigt.<\/p><p>\u00a0<\/p>\t\t\t\t\t\t\t\t<\/div>\n\t\t\t\t<\/div>\n\t\t\t\t\t<\/div>\n\t\t<\/div>\n\t\t\t\t\t<\/div>\n\t\t<\/section>\n\t\t\t\t<section class=\"elementor-section elementor-top-section elementor-element elementor-element-5666e3f elementor-section-boxed elementor-section-height-default elementor-section-height-default\" data-id=\"5666e3f\" data-element_type=\"section\" data-e-type=\"section\">\n\t\t\t\t\t\t<div class=\"elementor-container elementor-column-gap-default\">\n\t\t\t\t\t<div class=\"elementor-column elementor-col-100 elementor-top-column elementor-element elementor-element-fb5e862\" data-id=\"fb5e862\" data-element_type=\"column\" data-e-type=\"column\">\n\t\t\t<div class=\"elementor-widget-wrap elementor-element-populated\">\n\t\t\t\t\t\t<div class=\"elementor-element elementor-element-26c79e8 elementor-widget elementor-widget-shortcode\" data-id=\"26c79e8\" data-element_type=\"widget\" data-e-type=\"widget\" data-widget_type=\"shortcode.default\">\n\t\t\t\t<div class=\"elementor-widget-container\">\n\t\t\t\t\t\t\t<div class=\"elementor-shortcode\"><p class=\"wpcf7-contact-form-not-found\"><strong>Fehler:<\/strong> Kontaktformular wurde nicht gefunden.<\/p><\/div>\n\t\t\t\t\t\t<\/div>\n\t\t\t\t<\/div>\n\t\t\t\t\t<\/div>\n\t\t<\/div>\n\t\t\t\t\t<\/div>\n\t\t<\/section>\n\t\t\t\t<\/div>\n\t\t","protected":false},"excerpt":{"rendered":"<p>Anmeldung f\u00fcr das Human Table Soccer 2022 Hier k\u00f6nnt Ihr euere Mannschaft f\u00fcr das Human Table Soccer Turnier 2022 anmelden. Daf\u00fcr m\u00fcsst ihr einfach nur das untere Formular ausf\u00fcllen und&hellip;<\/p>\n","protected":false},"author":2,"featured_media":121,"parent":0,"menu_order":0,"comment_status":"closed","ping_status":"closed","template":"","meta":{"footnotes":""},"class_list":["post-187","page","type-page","status-publish","has-post-thumbnail","hentry"],"_links":{"self":[{"href":"https:\/\/kerwe-gadern.de\/index.php?rest_route=\/wp\/v2\/pages\/187","targetHints":{"allow":["GET"]}}],"collection":[{"href":"https:\/\/kerwe-gadern.de\/index.php?rest_route=\/wp\/v2\/pages"}],"about":[{"href":"https:\/\/kerwe-gadern.de\/index.php?rest_route=\/wp\/v2\/types\/page"}],"author":[{"embeddable":true,"href":"https:\/\/kerwe-gadern.de\/index.php?rest_route=\/wp\/v2\/users\/2"}],"replies":[{"embeddable":true,"href":"https:\/\/kerwe-gadern.de\/index.php?rest_route=%2Fwp%2Fv2%2Fcomments&post=187"}],"version-history":[{"count":7,"href":"https:\/\/kerwe-gadern.de\/index.php?rest_route=\/wp\/v2\/pages\/187\/revisions"}],"predecessor-version":[{"id":209,"href":"https:\/\/kerwe-gadern.de\/index.php?rest_route=\/wp\/v2\/pages\/187\/revisions\/209"}],"wp:featuredmedia":[{"embeddable":true,"href":"https:\/\/kerwe-gadern.de\/index.php?rest_route=\/wp\/v2\/media\/121"}],"wp:attachment":[{"href":"https:\/\/kerwe-gadern.de\/index.php?rest_route=%2Fwp%2Fv2%2Fmedia&parent=187"}],"curies":[{"name":"wp","href":"https:\/\/api.w.org\/{rel}","templated":true}]}}