{"id":10,"date":"2020-03-19T19:34:05","date_gmt":"2020-03-19T19:34:05","guid":{"rendered":"https:\/\/kerwe-gadern.de\/?page_id=10"},"modified":"2022-06-07T13:58:19","modified_gmt":"2022-06-07T13:58:19","slug":"impressum","status":"publish","type":"page","link":"https:\/\/kerwe-gadern.de\/?page_id=10","title":{"rendered":"Impressum"},"content":{"rendered":"\n<p>Informationspflicht laut \u00a7 5 TMG.<\/p>\n\n\n\n<div style=\"height:20px\" aria-hidden=\"true\" class=\"wp-block-spacer\"><\/div>\n\n\n\n<p><strong>Seitenbetreiber:<\/strong><\/p>\n\n\n\n<div class=\"wp-block-columns is-layout-flex wp-container-core-columns-is-layout-9d6595d7 wp-block-columns-is-layout-flex\">\n<div class=\"wp-block-column is-layout-flow wp-block-column-is-layout-flow\">\n<p>F<strong>reiwillige Feuerwehr Gadern<\/strong><\/p>\n\n\n\n<p>Eichenstra\u00dfe 5<\/p>\n\n\n\n<p>69483 Wald-Michelbach<\/p>\n<\/div>\n\n\n\n<div class=\"wp-block-column is-layout-flow wp-block-column-is-layout-flow\">\n<p><strong>Gesangsverein Frohsinn Gadern<\/strong><\/p>\n\n\n\n<p>Gaderner Stra\u00dfe 50<\/p>\n\n\n\n<p>69483 Wald-Michelbach<\/p>\n<\/div>\n\n\n\n<div class=\"wp-block-column is-layout-flow wp-block-column-is-layout-flow\">\n<p><strong>Frauengymnastikgruppe Gadern<\/strong><\/p>\n\n\n\n<p>Gaderner Stra\u00dfe 47<\/p>\n\n\n\n<p>69483 Wald-Michelbach<\/p>\n<\/div>\n<\/div>\n\n\n\n<p><strong>Technische Umsetzung:<\/strong> Christian Eck und Tim Walz<\/p>\n\n\n\n<div class=\"wp-block-columns is-layout-flex wp-container-core-columns-is-layout-9d6595d7 wp-block-columns-is-layout-flex\">\n<div class=\"wp-block-column is-layout-flow wp-block-column-is-layout-flow\"><\/div>\n<\/div>\n\n\n\n<p><br><strong>E-Mail:<\/strong> <a href=\"mailto:webmaster@kerwe-gadern.de\">webmaster@kerwe-gadern.de<\/a> <\/p>\n\n\n\n<div style=\"height:20px\" aria-hidden=\"true\" class=\"wp-block-spacer\"><\/div>\n\n\n\n<p><strong>EU-Streitschlichtung<\/strong><\/p>\n\n\n\n<p>Gem\u00e4\u00df Verordnung \u00fcber Online-Streitbeilegung in Verbraucherangelegenheiten (ODR-Verordnung) m\u00f6chten wir Sie \u00fcber die Online-Streitbeilegungsplattform (OS-Plattform) informieren. Verbraucher haben die M\u00f6glichkeit, Beschwerden an die Online Streitbeilegungsplattform der Europ\u00e4ischen Kommission unter <a rel=\"noreferrer noopener\" href=\"https:\/\/ec.europa.eu\/consumers\/odr\/main\/index.cfm?event=main.home2.show&amp;lng=DE\" target=\"_blank\">http:\/\/ec.europa.eu\/odr?tid=321152262<\/a> zu richten. Die daf\u00fcr notwendigen Kontaktdaten finden Sie oberhalb in unserem Impressum.<\/p>\n\n\n\n<p>Wir m\u00f6chten Sie jedoch darauf hinweisen, dass wir nicht bereit oder verpflichtet sind, an Streitbeilegungsverfahren vor einer Verbraucherschlichtungsstelle teilzunehmen.<\/p>\n\n\n\n<div style=\"height:20px\" aria-hidden=\"true\" class=\"wp-block-spacer\"><\/div>\n\n\n\n<p><strong>Haftung f\u00fcr Inhalte\ndieser Website<\/strong><\/p>\n\n\n\n<p>Wir\nentwickeln die Inhalte dieser Webseite st\u00e4ndig weiter und bem\u00fchen uns korrekte\nund aktuelle Informationen bereitzustellen. Laut Telemediengesetz <a href=\"https:\/\/www.gesetze-im-internet.de\/tmg\/__7.html?tid=321152262\" target=\"_blank\" rel=\"noreferrer noopener\">(TMG) \u00a77 (1)<\/a> sind wir als\nDiensteanbieter f\u00fcr eigene Informationen, die wir zur Nutzung bereitstellen,\nnach den allgemeinen Gesetzen verantwortlich. Leider k\u00f6nnen wir keine Haftung\nf\u00fcr die Korrektheit aller Inhalte auf dieser Webseite \u00fcbernehmen, speziell f\u00fcr\njene die seitens Dritter bereitgestellt wurden. Als Dienstanbieter im Sinne der\n\u00a7\u00a7 8 bis 10 sind wir nicht verpflichtet, die von ihnen \u00fcbermittelten oder\ngespeicherten Informationen zu \u00fcberwachen oder nach Umst\u00e4nden zu forschen, die\nauf eine rechtswidrige T\u00e4tigkeit hinweisen.<\/p>\n\n\n\n<p>Unsere\nVerpflichtungen zur Entfernung von Informationen oder zur Sperrung der Nutzung\nvon Informationen nach den allgemeinen Gesetzen aufgrund von gerichtlichen oder\nbeh\u00f6rdlichen Anordnungen bleiben auch im Falle unserer Nichtverantwortlichkeit\nnach den \u00a7\u00a7 8 bis 10 unber\u00fchrt. <\/p>\n\n\n\n<p>Sollten Ihnen problematische oder rechtswidrige Inhalte auffallen, bitte wir Sie uns umgehend zu kontaktieren, damit wir die rechtswidrigen Inhalte entfernen k\u00f6nnen. Sie finden die Kontaktdaten im Impressum.<\/p>\n\n\n\n<div style=\"height:20px\" aria-hidden=\"true\" class=\"wp-block-spacer\"><\/div>\n\n\n\n<p><strong>Haftung f\u00fcr Links auf\ndieser Website<\/strong><\/p>\n\n\n\n<p>Unsere\nWebseite enth\u00e4lt Links zu anderen Webseiten f\u00fcr deren Inhalt wir nicht\nverantwortlich sind. Haftung f\u00fcr verlinkte Websites besteht f\u00fcr uns nicht, da\nwir keine Kenntnis rechtswidriger T\u00e4tigkeiten hatten und haben, uns solche\nRechtswidrigkeiten auch bisher nicht aufgefallen sind und wir Links sofort\nentfernen w\u00fcrden, wenn uns Rechtswidrigkeiten bekannt werden.<\/p>\n\n\n\n<p>Wenn Ihnen rechtswidrige Links auf unserer Website auffallen, bitte wir Sie uns zu kontaktieren. Sie finden die Kontaktdaten im Impressum.<\/p>\n\n\n\n<div style=\"height:20px\" aria-hidden=\"true\" class=\"wp-block-spacer\"><\/div>\n\n\n\n<p><strong>Urheberrechtshinweis<\/strong><\/p>\n\n\n\n<p>Alle\nInhalte dieser Webseite (Bilder, Fotos, Texte, Videos) unterliegen dem\nUrheberrecht der Bundesrepublik Deutschland. Bitte fragen Sie uns bevor Sie die\nInhalte dieser Website verbreiten, vervielf\u00e4ltigen oder verwerten wie zum\nBeispiel auf anderen Websites erneut ver\u00f6ffentlichen. Falls notwendig, werden\nwir die unerlaubte Nutzung von Teilen der Inhalte unserer Seite rechtlich\nverfolgen.<\/p>\n\n\n\n<p>Sollten Sie auf dieser Webseite Inhalte finden, die das Urheberrecht verletzen, bitten wir Sie uns zu kontaktieren.<\/p>\n\n\n\n<div style=\"height:20px\" aria-hidden=\"true\" class=\"wp-block-spacer\"><\/div>\n\n\n\n<p><strong>Bildernachweis<\/strong><\/p>\n\n\n\n<p>Die Bilder, Fotos und Grafiken auf dieser Webseite sind urheberrechtlich gesch\u00fctzt. Die Bilderrechte liegen bei den Fotografen und Unternehmen.<\/p>\n","protected":false},"excerpt":{"rendered":"<p>Informationspflicht laut \u00a7 5 TMG. Seitenbetreiber: Freiwillige Feuerwehr Gadern Eichenstra\u00dfe 5 69483 Wald-Michelbach Gesangsverein Frohsinn Gadern Gaderner Stra\u00dfe 50 69483 Wald-Michelbach Frauengymnastikgruppe Gadern Gaderner Stra\u00dfe 47 69483 Wald-Michelbach Technische Umsetzung:&hellip;<\/p>\n","protected":false},"author":2,"featured_media":96,"parent":0,"menu_order":0,"comment_status":"closed","ping_status":"closed","template":"","meta":{"footnotes":""},"class_list":["post-10","page","type-page","status-publish","has-post-thumbnail","hentry"],"_links":{"self":[{"href":"https:\/\/kerwe-gadern.de\/index.php?rest_route=\/wp\/v2\/pages\/10","targetHints":{"allow":["GET"]}}],"collection":[{"href":"https:\/\/kerwe-gadern.de\/index.php?rest_route=\/wp\/v2\/pages"}],"about":[{"href":"https:\/\/kerwe-gadern.de\/index.php?rest_route=\/wp\/v2\/types\/page"}],"author":[{"embeddable":true,"href":"https:\/\/kerwe-gadern.de\/index.php?rest_route=\/wp\/v2\/users\/2"}],"replies":[{"embeddable":true,"href":"https:\/\/kerwe-gadern.de\/index.php?rest_route=%2Fwp%2Fv2%2Fcomments&post=10"}],"version-history":[{"count":6,"href":"https:\/\/kerwe-gadern.de\/index.php?rest_route=\/wp\/v2\/pages\/10\/revisions"}],"predecessor-version":[{"id":249,"href":"https:\/\/kerwe-gadern.de\/index.php?rest_route=\/wp\/v2\/pages\/10\/revisions\/249"}],"wp:featuredmedia":[{"embeddable":true,"href":"https:\/\/kerwe-gadern.de\/index.php?rest_route=\/wp\/v2\/media\/96"}],"wp:attachment":[{"href":"https:\/\/kerwe-gadern.de\/index.php?rest_route=%2Fwp%2Fv2%2Fmedia&parent=10"}],"curies":[{"name":"wp","href":"https:\/\/api.w.org\/{rel}","templated":true}]}}